{"id":11056,"date":"2015-07-06T08:26:09","date_gmt":"2015-07-06T08:26:09","guid":{"rendered":"https:\/\/www.intourcoresort.com\/gioi-thieu\/"},"modified":"2019-02-23T17:15:27","modified_gmt":"2019-02-23T10:15:27","slug":"about-us","status":"publish","type":"page","link":"https:\/\/intourcoresort.com\/en\/about-us\/","title":{"rendered":"ABOUT"},"content":{"rendered":"<div id=\"pl-11056\"  class=\"panel-layout\" ><div id=\"pg-11056-0\"  class=\"panel-grid panel-no-style\" ><div id=\"pgc-11056-0-0\"  class=\"panel-grid-cell\" ><div id=\"panel-11056-0-0-0\" class=\"so-panel widget widget_icon-box panel-first-child panel-last-child\" data-index=\"0\" ><div class=\"panel-widget-style panel-widget-style-for-11056-0-0-0\" ><div class=\"thim-widget-icon-box thim-widget-icon-box-base template-base\"><div class=\"inner-box \"><div  class=\"wrapper-box-icon text-center   wrapper-line-heading\" ><div class=\"smicon-box iconbox-top\"><div class=\"content-inner\" ><div class=\"sc-heading article_heading\"><h3 class = \"heading__primary\" >About Us<\/h3><span class=\"line-heading\"><span><\/span><\/span><\/div><div class=\"desc-icon-box\"><div style=\"color: #000000;\">VUNG TAU INTOURCO RESORT JOINT STOCK COMPANY <\/br>\n( VUNG TAU INTOURCO RESORT)<\/br>\nAdress:     1A Thuy Van str., Ward 8, Vung Tau city<\/br>\nTelephone:     (064) 3585 325 - 3585 326<\/br>\nFax:     (064) 3585 327<\/br>\nVAT code: 3500 833 679<\/br>\nEmail:     info@intourcoresort.com<\/br>\nWebsite:     www.intourcoresort.com<\/br>\n * Our bank account detail:<\/br>\nAccount Name  : C\u00d4NG TY C\u1ed4 PH\u1ea6N DU L\u1ecaCH QU\u1ed0C T\u1ebe V\u0168NG T\u00c0U<\/br>\nBank Account    : 760.10000.286545<\/br>\nBank name        : BIDV  - Branch Ba Ria \u2013 Vung Tau.<\/br><\/div><\/div><\/div><\/div><!--end smicon-box--><\/div><\/div><\/div><\/div><\/div><\/div><\/div><div id=\"pg-11056-1\"  class=\"panel-grid panel-has-style\" ><div class=\"thim-bg-overlay siteorigin-panels-stretch article__parallax panel-row-style panel-row-style-for-11056-1\" data-stretch-type=\"full\" ><div id=\"pgc-11056-1-0\"  class=\"panel-grid-cell\" ><div id=\"panel-11056-1-0-0\" class=\"so-panel widget widget_icon-box panel-first-child\" data-index=\"1\" ><div class=\"thim-widget-icon-box thim-widget-icon-box-base template-base\"><div class=\"inner-box \"><div  class=\"wrapper-box-icon text-center   wrapper-line-heading\" ><div class=\"smicon-box iconbox-top\"><div class=\"content-inner\" ><div class=\"sc-heading article_heading\"><h3 class = \"heading__primary\" style=\"color: #000000;\">The process of formation and development<\/h3><span class=\"line-heading\"><span><\/span><\/span><\/div><\/div><\/div><!--end smicon-box--><\/div><\/div><\/div><\/div><div id=\"panel-11056-1-0-1\" class=\"so-panel widget widget_list-html panel-last-child\" data-index=\"2\" ><div class=\"panel-widget-style panel-widget-style-for-11056-1-0-1\" ><div class=\"thim-widget-list-html thim-widget-list-html-base template-base\"><div class=\"list-html-content\"><div class=\"row\"><div class=\"col-sm-6\"><div class=\"item-content\"><div class=\"title-list\"><h5>1. 03\/08\/2005 <\/h5><\/div><div class=\"desc-list\">Khu du l\u1ecbch ngh\u1ec9 d\u01b0\u1ee1ng V\u0169ng T\u00e0u \u0111\u01b0\u1ee3c th\u00e0nh l\u1eadp theo Gi\u1ea5y ch\u1ee9ng nh\u1eadn \u0111\u0103ng k\u00fd kinh doanh s\u1ed1 4916000049 \u0111\u0103ng k\u00fd l\u1ea7n \u0111\u1ea7u ng\u00e0y 03\/08\/2005, \u0111\u0103ng k\u00fd thay \u0111\u1ed5i l\u1ea7n th\u1ee9 01 ng\u00e0y 29\/11\/2005 do S\u1edf K\u1ebf ho\u1ea1ch v\u00e0 \u0110\u1ea7u t\u01b0 t\u1ec9nh B\u00e0 R\u1ecba - V\u0169ng T\u00e0u c\u1ea5p. Khu du l\u1ecbch l\u00e0 \u0111\u01a1n v\u1ecb h\u1ea1ch to\u00e1n kinh t\u1ebf ph\u1ee5 thu\u1ed9c C\u00f4ng ty D\u1ecbch v\u1ee5 Du l\u1ecbch Qu\u1ed1c t\u1ebf t\u1ec9nh B\u00e0 R\u1ecba - V\u0169ng T\u00e0u v\u1edbi ng\u00e0nh ngh\u1ec1 kinh doanh ch\u1ee7 y\u1ebfu l\u00e0 kinh doanh kh\u00e1ch s\u1ea1n, nh\u00e0 h\u00e0ng, d\u1ecbch v\u1ee5 gi\u1ea3i tr\u00ed, ngh\u1ec9 d\u01b0\u1ee1ng t\u1ea1i b\u00e3i bi\u1ec3n Th\u00f9y V\u00e2n<\/div><\/div><\/div><div class=\"col-sm-6\"><div class=\"item-content\"><div class=\"title-list\"><h5>2. 24\/07\/2006 <\/h5><\/div><div class=\"desc-list\">Ng\u00e0y 24\/07\/2006, Ch\u1ee7 t\u1ecbch \u1ee6y ban Nh\u00e2n d\u00e2n t\u1ec9nh B\u00e0 R\u1ecba - V\u0169ng T\u00e0u \u0111\u00e3 k\u00fd Quy\u1ebft \u0111\u1ecbnh s\u1ed1 2128\/Q\u0110.UBND v\u1ec1 vi\u1ec7c th\u00e0nh l\u1eadp Ban ch\u1ec9 \u0111\u1ea1o c\u1ed5 ph\u1ea7n h\u00f3a b\u1ed9 ph\u1eadn Vung Tau Intourco Resort thu\u1ed9c C\u00f4ng ty D\u1ecbch v\u1ee5 Du l\u1ecbch Qu\u1ed1c t\u1ebf t\u1ec9nh B\u00e0 R\u1ecba - V\u0169ng T\u00e0u.<\/div><\/div><\/div><\/div><div class=\"row\"><div class=\"col-sm-6\"><div class=\"item-content\"><div class=\"title-list\"><h5>3. 22\/12\/2006 <\/h5><\/div><div class=\"desc-list\">Vung Tau Intourco Resort \u0111\u00e3 kh\u1ea9n tr\u01b0\u01a1ng ti\u1ebfn h\u00e0nh th\u1ef1c hi\u1ec7n c\u1ed5 ph\u1ea7n ho\u00e1, chuy\u1ec3n t\u1eeb Doanh nghi\u1ec7p nh\u00e0 n\u01b0\u1edbc th\u00e0nh C\u00f4ng ty c\u1ed5 ph\u1ea7n. Ng\u00e0y 22\/12\/2006, \u1ee6y ban Nh\u00e2n d\u00e2n t\u1ec9nh B\u00e0 R\u1ecba - V\u0169ng T\u00e0u \u0111\u00e3 c\u00f3 Quy\u1ebft \u0111\u1ecbnh s\u1ed1 4683\/Q\u0110.UBND v\u1ec1 Gi\u00e1 tr\u1ecb doanh nghi\u1ec7p \u0111\u1ec3 c\u1ed5 ph\u1ea7n h\u00f3a. Ng\u00e0y 29\/12\/2006, U\u1ef7 Ban Nh\u00e2n D\u00e2n t\u1ec9nh B\u00e0 R\u1ecba - V\u0169ng T\u00e0u ra Quy\u1ebft \u0111\u1ecbnh s\u1ed1 5782\/Q\u0110.UBND v\u1ec1 vi\u1ec7c ph\u00ea duy\u1ec7t ph\u01b0\u01a1ng \u00e1n chuy\u1ec3n b\u1ed9 ph\u1eadn Vung Tau Intourco Resort th\u00e0nh C\u00f4ng ty C\u1ed5 ph\u1ea7n Du l\u1ecbch Qu\u1ed1c t\u1ebf V\u0169ng T\u00e0u.<\/div><\/div><\/div><div class=\"col-sm-6\"><div class=\"item-content\"><div class=\"title-list\"><h5>4. 31\/12\/2007 <\/h5><\/div><div class=\"desc-list\">Ng\u00e0y 31\/12\/2007, C\u00f4ng ty C\u1ed5 ph\u1ea7n Du l\u1ecbch Qu\u1ed1c t\u1ebf V\u0169ng T\u00e0u \u0111\u01b0\u1ee3c c\u1ea5p gi\u1ea5y ch\u1ee9ng nh\u1eadn \u0111\u0103ng k\u00fd kinh doanh s\u1ed1 4903000487, do S\u1edf K\u1ebf ho\u1ea1ch v\u00e0 \u0110\u1ea7u t\u01b0 t\u1ec9nh B\u00e0 R\u1ecba - V\u0169ng T\u00e0u c\u1ea5p. C\u00f4ng ty C\u1ed5 ph\u1ea7n Du l\u1ecbch Qu\u1ed1c t\u1ebf V\u0169ng T\u00e0u b\u1eaft \u0111\u1ea7u ho\u1ea1t \u0111\u1ed9ng t\u1eeb ng\u00e0y 31\/12\/2007 v\u1edbi m\u00e3 s\u1ed1 thu\u1ebf, t\u00e0i kho\u1ea3n ri\u00eang, con d\u1ea5u ri\u00eang\u2026 v\u00e0 h\u1ea1ch to\u00e1n kinh t\u1ebf \u0111\u1ed9c l\u1eadp.<\/div><\/div><\/div><\/div><span class=\"line-center\"><\/span><\/div><\/div><\/div><\/div><\/div><\/div><\/div><div id=\"pg-11056-2\"  class=\"panel-grid panel-has-style\" ><div class=\"siteorigin-panels-stretch panel-row-style panel-row-style-for-11056-2\" data-stretch-type=\"full\" ><div id=\"pgc-11056-2-0\"  class=\"panel-grid-cell\" ><div id=\"panel-11056-2-0-0\" class=\"so-panel widget widget_siteorigin-panels-builder panel-first-child panel-last-child\" data-index=\"3\" ><div id=\"pl-w5c6532cf4f3b2\"  class=\"panel-layout\" ><div id=\"pg-w5c6532cf4f3b2-0\"  class=\"panel-grid panel-has-style\" ><div class=\"panel-row-style panel-row-style-for-w5c6532cf4f3b2-0\" ><div id=\"pgc-w5c6532cf4f3b2-0-0\"  class=\"panel-grid-cell\" ><div id=\"panel-w5c6532cf4f3b2-0-0-0\" class=\"so-panel widget widget_counters-box panel-first-child panel-last-child\" data-index=\"0\" ><div class=\"thim-widget-counters-box thim-widget-counters-box-base template-base\"><div class=\"counter-box \" ><div class=\"counterbox-content\"><div class=\"content-box-percentage\"><span class=\"display-percentage\" data-percentage=\"150\">150<\/span><span class=\"counter-box-content\">Rooms<\/span><\/div><\/div><\/div><\/div><\/div><\/div><div id=\"pgc-w5c6532cf4f3b2-0-1\"  class=\"panel-grid-cell\" ><div id=\"panel-w5c6532cf4f3b2-0-1-0\" class=\"so-panel widget widget_counters-box panel-first-child panel-last-child\" data-index=\"1\" ><div class=\"thim-widget-counters-box thim-widget-counters-box-base template-base\"><div class=\"counter-box \" ><div class=\"counterbox-content\"><div class=\"content-box-percentage\"><span class=\"display-percentage\" data-percentage=\"500\">500<\/span><span class=\"counter-box-content\">Employees<\/span><\/div><\/div><\/div><\/div><\/div><\/div><div id=\"pgc-w5c6532cf4f3b2-0-2\"  class=\"panel-grid-cell\" ><div id=\"panel-w5c6532cf4f3b2-0-2-0\" class=\"so-panel widget widget_counters-box panel-first-child panel-last-child\" data-index=\"2\" ><div class=\"thim-widget-counters-box thim-widget-counters-box-base template-base\"><div class=\"counter-box \" ><div class=\"counterbox-content\"><div class=\"content-box-percentage\"><span class=\"display-percentage\" data-percentage=\"4\">4<\/span><span class=\"counter-box-content\">Restaurants<\/span><\/div><\/div><\/div><\/div><\/div><\/div><div id=\"pgc-w5c6532cf4f3b2-0-3\"  class=\"panel-grid-cell\" ><div id=\"panel-w5c6532cf4f3b2-0-3-0\" class=\"so-panel widget widget_counters-box panel-first-child panel-last-child\" data-index=\"3\" ><div class=\"thim-widget-counters-box thim-widget-counters-box-base template-base\"><div class=\"counter-box \" ><div class=\"counterbox-content\"><div class=\"content-box-percentage\"><span class=\"display-percentage\" data-percentage=\"2\">2<\/span><span class=\"counter-box-content\">Pools<\/span><\/div><\/div><\/div><\/div><\/div><\/div><\/div><\/div><\/div><\/div><\/div><\/div><\/div><div id=\"pg-11056-3\"  class=\"panel-grid panel-has-style\" ><div class=\"thim-bg-overlay siteorigin-panels-stretch article__parallax panel-row-style panel-row-style-for-11056-3\" data-stretch-type=\"full\" ><div id=\"pgc-11056-3-0\"  class=\"panel-grid-cell\" ><div id=\"panel-11056-3-0-0\" class=\"so-panel widget widget_icon-box panel-first-child\" data-index=\"4\" ><div class=\"thim-widget-icon-box thim-widget-icon-box-base template-base\"><div class=\"inner-box \"><div  class=\"wrapper-box-icon text-center   wrapper-line-heading\" ><div class=\"smicon-box iconbox-top\"><div class=\"content-inner\" ><div class=\"sc-heading article_heading\"><h3 class = \"heading__primary\" style=\"color: #000000;\">Achievements<\/h3><span class=\"line-heading\"><span><\/span><\/span><\/div><\/div><\/div><!--end smicon-box--><\/div><\/div><\/div><\/div><div id=\"panel-11056-3-0-1\" class=\"so-panel widget widget_list-html panel-last-child\" data-index=\"5\" ><div class=\"panel-widget-style panel-widget-style-for-11056-3-0-1\" ><div class=\"thim-widget-list-html thim-widget-list-html-base template-base\"><div class=\"list-html-content\"><div class=\"row\"><div class=\"col-sm-6\"><div class=\"item-content\"><div class=\"title-list\"><h5>1.  <\/h5><\/div><div class=\"desc-list\">Ng\u00e0y 12\/08\/2005 C\u00f4ng ty \u0111\u01b0\u1ee3c c\u00f4ng nh\u1eadn l\u00e0 c\u01a1 s\u1edf l\u01b0u tr\u00fa \u0111\u1ea1t ti\u00eau chu\u1ea9n 3 sao ( t\u1ea1i Quy\u1ebft \u0111\u1ecbnh s\u1ed1 536\/Q\u0110 \u2013 TCDL, ng\u00e0y 12\/08\/2005 c\u1ee7a T\u1ed5ng c\u1ee5c Du L\u1ecbch v\u1ec1 vi\u1ec7c c\u00f4ng nh\u1eadn h\u1ea1ng kh\u00e1ch s\u1ea1n ).<\/div><\/div><\/div><div class=\"col-sm-6\"><div class=\"item-content\"><div class=\"title-list\"><h5>2.  <\/h5><\/div><div class=\"desc-list\">\u0110\u1ebfn ng\u00e0y 10\/01\/2008 theo k\u1ebft qu\u1ea3 t\u00e1i th\u1ea9m \u0111\u1ecbnh C\u00f4ng ty v\u1eabn gi\u1eef h\u1ea1ng 3 sao (t\u1ea1i c\u00f4ng v\u0103n s\u1ed1 28\/TCDL \u2013 KS, ng\u00e0y 10\/01\/2008 c\u1ee7a T\u1ed5ng C\u1ee5c Du L\u1ecbch ).<\/div><\/div><\/div><\/div><div class=\"row\"><div class=\"col-sm-6\"><div class=\"item-content\"><div class=\"title-list\"><h5>3.  <\/h5><\/div><div class=\"desc-list\">Ng\u00e0y 10\/01\/2008 C\u00f4ng ty C\u1ed5 ph\u1ea7n Du l\u1ecbch Qu\u1ed1c t\u1ebf V\u0169ng T\u00e0u \u0111\u01b0\u1ee3c T\u1ed5ng c\u1ee5c Du l\u1ecbch Vi\u1ec7t Nam c\u1ea5p ch\u1ee9ng nh\u1eadn C\u01a1 s\u1edf l\u01b0u tr\u00fa \u0111\u1ea1t ti\u00eau chu\u1ea9n 3 sao.<\/div><\/div><\/div><div class=\"col-sm-6\"><div class=\"item-content\"><div class=\"title-list\"><h5>4.  <\/h5><\/div><div class=\"desc-list\">Ng\u00e0y 04\/02\/2008, S\u1edf Du l\u1ecbch t\u1ec9nh B\u00e0 R\u1ecba - V\u0169ng T\u00e0u c\u1ea5p Ch\u1ee9ng nh\u1eadn Vung Tau Intourco Resort l\u00e0 m\u1ed9t trong nh\u1eefng \u0111\u1ecba ch\u1ec9 tin c\u1eady c\u1ee7a du l\u1ecbch B\u00e0 R\u1ecba -V\u0169ng T\u00e0u.<\/div><\/div><\/div><\/div><div class=\"row\"><div class=\"col-sm-6\"><div class=\"item-content\"><div class=\"title-list\"><h5>5.  <\/h5><\/div><div class=\"desc-list\">Th\u00e1ng 05\/2008, T\u1ed5ng c\u1ee5c Du l\u1ecbch, Li\u00ean hi\u1ec7p c\u00e1c h\u1ed9i Khoa h\u1ecdc v\u00e0 K\u1ef9 thu\u1eadt Vi\u1ec7t Nam, C\u1ee5c An to\u00e0n V\u1ec7 sinh th\u1ef1c ph\u1ea9m - B\u1ed9 Y t\u1ebf, \u1ee6y ban Ti\u00eau chu\u1ea9n Th\u1ef1c ph\u1ea9m Vi\u1ec7t Nam - CoDex VN c\u1ea5p Bi\u1ec3n v\u00e0ng ch\u1ea5t l\u01b0\u1ee3ng ch\u1ee9ng nh\u1eadn c\u01a1 s\u1edf \u0111\u1ea1t ti\u00eau chu\u1ea9n ch\u1ea5t l\u01b0\u1ee3ng d\u1ecbch v\u1ee5 v\u00e0 v\u1ec7 sinh an to\u00e0n th\u1ef1c ph\u1ea9m to\u00e0n qu\u1ed1c.<\/div><\/div><\/div><div class=\"col-sm-6\"><div class=\"item-content\"><div class=\"title-list\"><h5>6.  <\/h5><\/div><div class=\"desc-list\">Ng\u00e0y 11\/10\/2010 Ch\u1ee7 t\u1ecbch UBND T\u1ec9nh B\u00e0 R\u1ecba \u2013 V\u0169ng T\u00e0u \u0111\u00e3 ch\u1ee9ng nh\u1eadn C\u00f4ng ty C\u1ed5 ph\u1ea7n Du l\u1ecbch Qu\u1ed1c t\u1ebf V\u0169ng T\u00e0u \u0111\u1ea1t gi\u1ea3i Doanh nghi\u1ec7p du l\u1ecbch ti\u00eau bi\u1ec3u nh\u1ea5t, gi\u1ea3i th\u01b0\u1edfng \u201cNg\u1ecdn H\u1ea3i \u0110\u0103ng\u201d T\u1ec9nh B\u00e0 R\u1ecba \u2013 V\u0169ng T\u00e0u n\u0103m 2009 (v\u00e0o s\u1ed5 khen th\u01b0\u1edfng s\u1ed1: 2525\/Q\u0110-UBND ng\u00e0y 11\/10\/2010).<\/div><\/div><\/div><\/div><div class=\"row\"><div class=\"col-sm-6\"><div class=\"item-content\"><div class=\"title-list\"><h5>7.  <\/h5><\/div><div class=\"desc-list\">T\u1ea1i Quy\u1ebft \u0110\u1ecbnh s\u1ed1 26\/Q\u0110 \u2013 HHDLVN, ng\u00e0y 30\/09\/2011 c\u1ee7a Hi\u1ec7p H\u1ed9i Du L\u1ecbch Vi\u1ec7t Nam c\u00f4ng nh\u1eadn Vung Tau Intourco Resort l\u00e0 1 trong 10 kh\u00e1ch s\u1ea1n 3 sao h\u00e0ng \u0111\u1ea7u Vi\u1ec7t Nam N\u0103m 2010.<\/div><\/div><\/div><div class=\"col-sm-6\"><div class=\"item-content\"><div class=\"title-list\"><h5>8.  <\/h5><\/div><div class=\"desc-list\">Quy\u1ebft \u0111\u1ecbnh s\u1ed1 381\/ Q\u0110- TCDL ng\u00e0y 28\/08\/2012 c\u1ee7a T\u1ed5ng C\u1ee5c Du L\u1ecbch c\u00f4ng nh\u1eadn Vungtau Intourco Resort \u0111\u1ea1t ti\u00eau chu\u1ea9n 4 sao <\/div><\/div><\/div><\/div><div class=\"row\"><div class=\"col-sm-6\"><div class=\"item-content\"><div class=\"title-list\"><h5>9.  <\/h5><\/div><div class=\"desc-list\">Ng\u00e0y 09\/10\/2013 Ch\u1ee7 t\u1ecbch UBND T\u1ec9nh B\u00e0 R\u1ecba \u2013 V\u0169ng T\u00e0u \u0111\u00e3 ch\u1ee9ng nh\u1eadn C\u00f4ng ty C\u1ed5 ph\u1ea7n Du l\u1ecbch Qu\u1ed1c t\u1ebf V\u0169ng T\u00e0u \u0111\u1ea1t gi\u1ea3i Doanh nghi\u1ec7p du l\u1ecbch ti\u00eau bi\u1ec3u nh\u1ea5t, gi\u1ea3i th\u01b0\u1edfng \u201cNg\u1ecdn H\u1ea3i \u0110\u0103ng\u201d T\u1ec9nh B\u00e0 R\u1ecba \u2013 V\u0169ng T\u00e0u n\u0103m 2012 (v\u00e0o s\u1ed5 khen th\u01b0\u1edfng s\u1ed1: 2271\/Q\u0110-UBND ng\u00e0y 09\/10\/2013).<\/div><\/div><\/div><div class=\"col-sm-6\"><div class=\"item-content\"><div class=\"title-list\"><h5>10.  <\/h5><\/div><div class=\"desc-list\">\u0110\u1ebfn ng\u00e0y 02\/10\/2015 theo k\u1ebft qu\u1ea3 t\u00e1i th\u1ea9m \u0111\u1ecbnh C\u00f4ng ty v\u1eabn gi\u1eef h\u1ea1ng 4 sao ( t\u1ea1i c\u00f4ng v\u0103n s\u1ed1 750\/Q\u0110 - TCDL, ng\u00e0y 02\/10\/2015 c\u1ee7a T\u1ed5ng C\u1ee5c Du L\u1ecbch ).<\/div><\/div><\/div><\/div><div class=\"row\"><div class=\"col-sm-6\"><div class=\"item-content\"><div class=\"title-list\"><h5>11.  <\/h5><\/div><div class=\"desc-list\">Ng\u00e0y 13\/05\/2016 Gi\u00e1m \u0111\u1ed1c - Nguy\u1ec5n Th\u1ecb Thu Ph\u01b0\u01a1ng, Trung t\u00e2m khoa h\u1ecdc th\u1ea9m \u0111\u1ecbnh t\u00edn nhi\u1ec7m doanh nghi\u1ec7p c\u1ea5p b\u1eb1ng ch\u1ee9ng nh\u1eadn \"Kh\u00e1ch s\u1ea1n t\u00edn nhi\u1ec7m Vi\u1ec7t Nam n\u0103m 2015\".<\/div><\/div><\/div><\/div><span class=\"line-center\"><\/span><\/div><\/div><\/div><\/div><\/div><\/div><\/div><div id=\"pg-11056-4\"  class=\"panel-grid panel-has-style\" ><div class=\"thim-gallery-box siteorigin-panels-stretch panel-row-style panel-row-style-for-11056-4\" data-stretch-type=\"full\" ><div id=\"pgc-11056-4-0\"  class=\"panel-grid-cell\" ><div id=\"panel-11056-4-0-0\" class=\"so-panel widget widget_icon-box panel-first-child\" data-index=\"6\" ><div class=\"panel-widget-style panel-widget-style-for-11056-4-0-0\" ><div class=\"thim-widget-icon-box thim-widget-icon-box-base template-base\"><div class=\"inner-box \"><div  class=\"wrapper-box-icon text-center   wrapper-line-heading\" ><div class=\"smicon-box iconbox-top\"><div class=\"content-inner\" ><div class=\"sc-heading article_heading\"><h3 class = \"heading__primary\" >Gallery<\/h3><span class=\"line-heading\"><span><\/span><\/span><\/div><div class=\"desc-icon-box\"><div >Enjoy the holiday with VungTau Intourco Resort<\/div><\/div><\/div><\/div><!--end smicon-box--><\/div><\/div><\/div><\/div><\/div><div id=\"panel-11056-4-0-1\" class=\"so-panel widget widget_gallery-images panel-last-child\" data-index=\"7\" ><div class=\"panel-widget-style panel-widget-style-for-11056-4-0-1\" ><div class=\"thim-widget-gallery-images thim-widget-gallery-images-base template-base\"><div class=\"thim-gallery-images owl-carousel gallery-img \"><div class=\"item\"><img src =\"https:\/\/intourcoresort.com\/wp-content\/uploads\/2019\/01\/Outside-1.jpg\" width=\"800\" height=\"533\" alt= \"ABOUT\" \/><\/div><div class=\"item\"><img src =\"https:\/\/intourcoresort.com\/wp-content\/uploads\/2019\/01\/Outside-3.jpg\" width=\"800\" height=\"533\" alt= \"ABOUT\" \/><\/div><div class=\"item\"><img src =\"https:\/\/intourcoresort.com\/wp-content\/uploads\/2019\/01\/Outside-4.jpg\" width=\"800\" height=\"533\" alt= \"ABOUT\" \/><\/div><div class=\"item\"><img src =\"https:\/\/intourcoresort.com\/wp-content\/uploads\/2019\/01\/inside.jpg\" width=\"800\" height=\"533\" alt= \"ABOUT\" \/><\/div><div class=\"item\"><img src =\"https:\/\/intourcoresort.com\/wp-content\/uploads\/2019\/01\/Outside-2.jpg\" width=\"800\" height=\"533\" alt= \"ABOUT\" \/><\/div><\/div><\/div><\/div><\/div><\/div><\/div><\/div><\/div>","protected":false},"excerpt":{"rendered":"<p>About UsVUNG TAU INTOURCO RESORT JOINT STOCK COMPANY <br \/>\n( VUNG TAU INTOURCO RESORT)<br \/>\nAdress:     1A Thuy Van str., Ward 8, Vung Tau city<br \/>\nTelephone:     (064) 3585 325 &#8211; 3585 326<br \/>\nFax:     (064) 3585 327<br \/>\nVAT code: 3500 833 679<br \/>\nEmail:   <\/p>\n","protected":false},"author":1,"featured_media":0,"parent":0,"menu_order":0,"comment_status":"closed","ping_status":"closed","template":"","meta":[],"_links":{"self":[{"href":"https:\/\/intourcoresort.com\/en\/wp-json\/wp\/v2\/pages\/11056"}],"collection":[{"href":"https:\/\/intourcoresort.com\/en\/wp-json\/wp\/v2\/pages"}],"about":[{"href":"https:\/\/intourcoresort.com\/en\/wp-json\/wp\/v2\/types\/page"}],"author":[{"embeddable":true,"href":"https:\/\/intourcoresort.com\/en\/wp-json\/wp\/v2\/users\/1"}],"replies":[{"embeddable":true,"href":"https:\/\/intourcoresort.com\/en\/wp-json\/wp\/v2\/comments?post=11056"}],"version-history":[{"count":6,"href":"https:\/\/intourcoresort.com\/en\/wp-json\/wp\/v2\/pages\/11056\/revisions"}],"predecessor-version":[{"id":11303,"href":"https:\/\/intourcoresort.com\/en\/wp-json\/wp\/v2\/pages\/11056\/revisions\/11303"}],"wp:attachment":[{"href":"https:\/\/intourcoresort.com\/en\/wp-json\/wp\/v2\/media?parent=11056"}],"curies":[{"name":"wp","href":"https:\/\/api.w.org\/{rel}","templated":true}]}}