{"id":11135,"date":"2019-01-24T11:46:20","date_gmt":"2019-01-24T04:46:20","guid":{"rendered":"https:\/\/www.intourcoresort.com\/beach-service\/"},"modified":"2019-03-02T15:20:58","modified_gmt":"2019-03-02T08:20:58","slug":"beach-service","status":"publish","type":"page","link":"https:\/\/intourcoresort.com\/en\/beach-service\/","title":{"rendered":"Beach Service"},"content":{"rendered":"<div id=\"pl-11135\"  class=\"panel-layout\" ><div id=\"pg-11135-0\"  class=\"panel-grid panel-no-style\" ><div id=\"pgc-11135-0-0\"  class=\"panel-grid-cell\" ><div id=\"panel-11135-0-0-0\" class=\"so-panel widget widget_black-studio-tinymce widget_black_studio_tinymce panel-first-child panel-last-child\" data-index=\"0\" ><div class=\"textwidget\"><p>\n\t\t\t<!-- START beach service REVOLUTION SLIDER 6.2.2 --><p class=\"rs-p-wp-fix\"><\/p>\n\t\t\t<rs-module-wrap id=\"rev_slider_6_1_wrapper\" data-source=\"gallery\" style=\"background:transparent;padding:0;margin:0px auto;margin-top:0;margin-bottom:0;background-image:url(http:\/\/sailing.thimpress.com\/demo-9\/wp-content\/uploads\/sites\/10\/2018\/07\/slider.jpg);background-repeat:no-repeat;background-size:cover;background-position:center center;\">\n\t\t\t\t<rs-module id=\"rev_slider_6_1\" style=\"display:none;\" data-version=\"6.2.2\">\n\t\t\t\t\t<rs-slides>\n\t\t\t\t\t\t<rs-slide data-key=\"rs-32\" data-title=\"Slide\" data-thumb=\"\/\/www.intourcoresort.com\/wp-content\/uploads\/2019\/01\/1R2A9812-min.jpg\" data-anim=\"ei:d;eo:d;s:d;r:0;t:notransition;sl:d;\">\n\t\t\t\t\t\t\t<img src=\"\/\/www.intourcoresort.com\/wp-content\/uploads\/2019\/01\/1R2A9812-min.jpg\" title=\"Beach Service\" class=\"rev-slidebg\" data-no-retina>\n<!--\n\t\t\t\t\t\t\t--><rs-layer\n\t\t\t\t\t\t\t\tid=\"slider-6-slide-32-layer-1\" \n\t\t\t\t\t\t\t\tdata-type=\"text\"\n\t\t\t\t\t\t\t\tdata-rsp_ch=\"on\"\n\t\t\t\t\t\t\t\tdata-xy=\"x:c;y:m;yo:-32px,-32px,-101px,8px;\"\n\t\t\t\t\t\t\t\tdata-text=\"s:70,70,70,45;l:70,70,70,45;ls:5px;fw:700;a:center;\"\n\t\t\t\t\t\t\t\tdata-frame_0=\"x:-100%;o:1;tp:600;\"\n\t\t\t\t\t\t\t\tdata-frame_0_mask=\"u:t;\"\n\t\t\t\t\t\t\t\tdata-frame_1=\"tp:600;sp:1500;sR:10;\"\n\t\t\t\t\t\t\t\tdata-frame_1_mask=\"u:t;\"\n\t\t\t\t\t\t\t\tdata-frame_999=\"o:0;tp:600;st:w;sR:7490.0006103516;\"\n\t\t\t\t\t\t\t\tstyle=\"z-index:5;font-family:Playfair Display;\"\n\t\t\t\t\t\t\t>BEACH <br\/>\nCLEAN & PRIVATE  \n\t\t\t\t\t\t\t<\/rs-layer><!--\n\n\t\t\t\t\t\t\t--><rs-layer\n\t\t\t\t\t\t\t\tid=\"slider-6-slide-32-layer-2\" \n\t\t\t\t\t\t\t\tdata-type=\"text\"\n\t\t\t\t\t\t\t\tdata-color=\"rgba(255, 255, 255, 0.36)||rgba(242, 242, 242, 0.2)||rgba(242, 242, 242, 0.2)||rgba(242, 242, 242, 0.2)\"\n\t\t\t\t\t\t\t\tdata-rsp_ch=\"on\"\n\t\t\t\t\t\t\t\tdata-xy=\"x:c;yo:267px,218px,254px,252px;\"\n\t\t\t\t\t\t\t\tdata-text=\"s:130,130,130,110;l:150;ls:6px;a:center;\"\n\t\t\t\t\t\t\t\tdata-dim=\"w:501px;h:169px;\"\n\t\t\t\t\t\t\t\tdata-frame_0=\"x:-100%;o:1;tp:600;\"\n\t\t\t\t\t\t\t\tdata-frame_0_mask=\"u:t;\"\n\t\t\t\t\t\t\t\tdata-frame_1=\"tp:600;sp:1500;sR:10;\"\n\t\t\t\t\t\t\t\tdata-frame_1_mask=\"u:t;\"\n\t\t\t\t\t\t\t\tdata-frame_999=\"o:0;tp:600;st:w;sR:7490.0006103516;\"\n\t\t\t\t\t\t\t\tstyle=\"z-index:6;font-family:Herr Von Muellerhoff;\"\n\t\t\t\t\t\t\t>Book Early \n\t\t\t\t\t\t\t<\/rs-layer><!--\n\n\t\t\t\t\t\t\t--><rs-layer\n\t\t\t\t\t\t\t\tid=\"slider-6-slide-32-layer-4\" \n\t\t\t\t\t\t\t\tclass=\"rev-btn\"\n\t\t\t\t\t\t\t\tdata-type=\"button\"\n\t\t\t\t\t\t\t\tdata-color=\"rgba(255,255,255,1)\"\n\t\t\t\t\t\t\t\tdata-xy=\"x:c;xo:0,0,0,5px;yo:524px,479px,511px,473px;\"\n\t\t\t\t\t\t\t\tdata-text=\"s:18;l:18;a:center;\"\n\t\t\t\t\t\t\t\tdata-actions='o:click;a:simplelink;target:_self;url:\/en\/rooms\/;'\n\t\t\t\t\t\t\t\tdata-rsp_bd=\"off\"\n\t\t\t\t\t\t\t\tdata-padding=\"t:19,19,19,15;r:50;b:19,19,19,15;l:52;\"\n\t\t\t\t\t\t\t\tdata-border=\"bos:solid;boc:#ffffff;bow:2px,2,2,2;\"\n\t\t\t\t\t\t\t\tdata-frame_0=\"y:-100%;o:1;tp:600;\"\n\t\t\t\t\t\t\t\tdata-frame_0_mask=\"u:t;\"\n\t\t\t\t\t\t\t\tdata-frame_1=\"tp:600;sp:1500;sR:10;\"\n\t\t\t\t\t\t\t\tdata-frame_1_mask=\"u:t;\"\n\t\t\t\t\t\t\t\tdata-frame_999=\"o:0;tp:600;st:w;sR:7490.0006103516;\"\n\t\t\t\t\t\t\t\tdata-frame_hover=\"bgc:rgba(142,142,142,0.46);boc:#8e8e8e;bor:0px,0px,0px,0px;bos:solid;bow:2,2,2,2;oX:50;oY:50;sp:0;\"\n\t\t\t\t\t\t\t\tstyle=\"z-index:7;background-color:rgba(0,0,0,0);font-family:Barlow Semi Condensed;text-transform:uppercase;cursor:pointer;outline:none;box-shadow:none;box-sizing:border-box;-moz-box-sizing:border-box;-webkit-box-sizing:border-box;\"\n\t\t\t\t\t\t\t>BOOK NOW \n\t\t\t\t\t\t\t<\/rs-layer><!--\n\n\t\t\t\t\t\t\t--><rs-layer\n\t\t\t\t\t\t\t\tid=\"slider-6-slide-32-layer-5\" \n\t\t\t\t\t\t\t\tdata-type=\"text\"\n\t\t\t\t\t\t\t\tdata-color=\"#eaeaea\"\n\t\t\t\t\t\t\t\tdata-rsp_ch=\"on\"\n\t\t\t\t\t\t\t\tdata-xy=\"x:c;yo:297px;\"\n\t\t\t\t\t\t\t\tdata-text=\"l:22;ls:2px;fw:500;a:inherit;\"\n\t\t\t\t\t\t\t\tdata-frame_0=\"tp:600;\"\n\t\t\t\t\t\t\t\tdata-frame_1=\"tp:600;sp:1500;sR:10;\"\n\t\t\t\t\t\t\t\tdata-frame_999=\"o:0;tp:600;st:w;sR:7490.0006103516;\"\n\t\t\t\t\t\t\t\tstyle=\"z-index:8;font-family:Barlow Semi Condensed;\"\n\t\t\t\t\t\t\t>Vungtau Intourco Resort \n\t\t\t\t\t\t\t<\/rs-layer><!--\n-->\t\t\t\t\t\t<\/rs-slide>\n\t\t\t\t\t\t<rs-slide data-key=\"rs-33\" data-title=\"Slide\" data-thumb=\"\/\/www.intourcoresort.com\/wp-content\/uploads\/2019\/01\/1R2A9867-min.jpg\" data-anim=\"ei:d;eo:d;s:d;r:0;t:notransition;sl:d;\">\n\t\t\t\t\t\t\t<img src=\"\/\/www.intourcoresort.com\/wp-content\/uploads\/2019\/01\/1R2A9867-min.jpg\" title=\"Beach Service\" class=\"rev-slidebg\" data-no-retina>\n<!--\n\t\t\t\t\t\t\t--><rs-layer\n\t\t\t\t\t\t\t\tid=\"slider-6-slide-33-layer-1\" \n\t\t\t\t\t\t\t\tdata-type=\"text\"\n\t\t\t\t\t\t\t\tdata-rsp_ch=\"on\"\n\t\t\t\t\t\t\t\tdata-xy=\"x:c;y:m;yo:-32px,-32px,-101px,8px;\"\n\t\t\t\t\t\t\t\tdata-text=\"s:70,70,70,45;l:70,70,70,45;ls:5px;fw:700;a:center;\"\n\t\t\t\t\t\t\t\tdata-frame_0=\"x:-100%;o:1;tp:600;\"\n\t\t\t\t\t\t\t\tdata-frame_0_mask=\"u:t;\"\n\t\t\t\t\t\t\t\tdata-frame_1=\"tp:600;sp:1500;sR:10;\"\n\t\t\t\t\t\t\t\tdata-frame_1_mask=\"u:t;\"\n\t\t\t\t\t\t\t\tdata-frame_999=\"o:0;tp:600;st:w;sR:7490.0006103516;\"\n\t\t\t\t\t\t\t\tstyle=\"z-index:5;font-family:Playfair Display;\"\n\t\t\t\t\t\t\t>BEACH <br\/>\nCLEAN & PRIVATE \n\t\t\t\t\t\t\t<\/rs-layer><!--\n\n\t\t\t\t\t\t\t--><rs-layer\n\t\t\t\t\t\t\t\tid=\"slider-6-slide-33-layer-2\" \n\t\t\t\t\t\t\t\tdata-type=\"text\"\n\t\t\t\t\t\t\t\tdata-color=\"rgba(242, 242, 242, 0.2)\"\n\t\t\t\t\t\t\t\tdata-rsp_ch=\"on\"\n\t\t\t\t\t\t\t\tdata-xy=\"x:c;yo:267px,218px,254px,252px;\"\n\t\t\t\t\t\t\t\tdata-text=\"s:130,130,130,110;l:150;ls:6px;a:center;\"\n\t\t\t\t\t\t\t\tdata-dim=\"w:501px;h:169px;\"\n\t\t\t\t\t\t\t\tdata-frame_0=\"x:-100%;o:1;tp:600;\"\n\t\t\t\t\t\t\t\tdata-frame_0_mask=\"u:t;\"\n\t\t\t\t\t\t\t\tdata-frame_1=\"tp:600;sp:1500;sR:10;\"\n\t\t\t\t\t\t\t\tdata-frame_1_mask=\"u:t;\"\n\t\t\t\t\t\t\t\tdata-frame_999=\"o:0;tp:600;st:w;sR:7490.0006103516;\"\n\t\t\t\t\t\t\t\tstyle=\"z-index:6;font-family:Herr Von Muellerhoff;\"\n\t\t\t\t\t\t\t>Book Early \n\t\t\t\t\t\t\t<\/rs-layer><!--\n\n\t\t\t\t\t\t\t--><rs-layer\n\t\t\t\t\t\t\t\tid=\"slider-6-slide-33-layer-4\" \n\t\t\t\t\t\t\t\tclass=\"rev-btn\"\n\t\t\t\t\t\t\t\tdata-type=\"button\"\n\t\t\t\t\t\t\t\tdata-color=\"rgba(255,255,255,1)\"\n\t\t\t\t\t\t\t\tdata-xy=\"x:c;xo:0,0,0,5px;yo:525px,479px,511px,473px;\"\n\t\t\t\t\t\t\t\tdata-text=\"s:18;l:18;a:center;\"\n\t\t\t\t\t\t\t\tdata-actions='o:click;a:simplelink;target:_self;url:\/en\/rooms\/;'\n\t\t\t\t\t\t\t\tdata-rsp_bd=\"off\"\n\t\t\t\t\t\t\t\tdata-padding=\"t:19,19,19,15;r:50;b:19,19,19,15;l:52;\"\n\t\t\t\t\t\t\t\tdata-border=\"bos:solid;boc:#ffffff;bow:2px,2,2,2;\"\n\t\t\t\t\t\t\t\tdata-frame_0=\"y:-100%;o:1;tp:600;\"\n\t\t\t\t\t\t\t\tdata-frame_0_mask=\"u:t;\"\n\t\t\t\t\t\t\t\tdata-frame_1=\"tp:600;sp:1500;sR:10;\"\n\t\t\t\t\t\t\t\tdata-frame_1_mask=\"u:t;\"\n\t\t\t\t\t\t\t\tdata-frame_999=\"o:0;tp:600;st:w;sR:7490.0006103516;\"\n\t\t\t\t\t\t\t\tdata-frame_hover=\"bgc:rgba(142,142,142,0.4);boc:#8e8e8e;bor:0px,0px,0px,0px;bos:solid;bow:2,2,2,2;oX:50;oY:50;sp:0;\"\n\t\t\t\t\t\t\t\tstyle=\"z-index:7;background-color:rgba(0,0,0,0);font-family:G;text-transform:uppercase;cursor:pointer;outline:none;box-shadow:none;box-sizing:border-box;-moz-box-sizing:border-box;-webkit-box-sizing:border-box;\"\n\t\t\t\t\t\t\t>BOOK NOW \n\t\t\t\t\t\t\t<\/rs-layer><!--\n\n\t\t\t\t\t\t\t--><rs-layer\n\t\t\t\t\t\t\t\tid=\"slider-6-slide-33-layer-5\" \n\t\t\t\t\t\t\t\tdata-type=\"text\"\n\t\t\t\t\t\t\t\tdata-color=\"#eaeaea\"\n\t\t\t\t\t\t\t\tdata-rsp_ch=\"on\"\n\t\t\t\t\t\t\t\tdata-xy=\"x:c;xo:-1px;yo:297px;\"\n\t\t\t\t\t\t\t\tdata-text=\"s:18;l:22;ls:2px;fw:500;a:inherit;\"\n\t\t\t\t\t\t\t\tdata-frame_0=\"tp:600;\"\n\t\t\t\t\t\t\t\tdata-frame_1=\"tp:600;st:0;\"\n\t\t\t\t\t\t\t\tdata-frame_999=\"o:0;tp:600;st:w;sR:8700.0006103516;\"\n\t\t\t\t\t\t\t\tstyle=\"z-index:8;font-family:Barlow Semi Condensed;\"\n\t\t\t\t\t\t\t>Vungtau Intourco Resort \n\t\t\t\t\t\t\t<\/rs-layer><!--\n-->\t\t\t\t\t\t<\/rs-slide>\n\t\t\t\t\t<\/rs-slides>\n\t\t\t\t\t<rs-progress class=\"rs-bottom\" style=\"height: 5px; background: rgba(0,0,0,0.15);\"><\/rs-progress>\n\t\t\t\t<\/rs-module>\n\t\t\t\t<script type=\"text\/javascript\">\n\t\t\t\t\tsetREVStartSize({c: 'rev_slider_6_1',rl:[1240,1024,778,480],el:[],gw:[1240,1024,778,480],gh:[868,768,960,720],type:'standard',justify:'',layout:'fullwidth',mh:\"0\"});\n\t\t\t\t\tvar\trevapi6,\n\t\t\t\t\t\ttpj;\n\t\t\t\t\tjQuery(function() {\n\t\t\t\t\t\ttpj = jQuery;\n\t\t\t\t\t\tif(tpj(\"#rev_slider_6_1\").revolution == undefined){\n\t\t\t\t\t\t\trevslider_showDoubleJqueryError(\"#rev_slider_6_1\");\n\t\t\t\t\t\t}else{\n\t\t\t\t\t\t\trevapi6 = tpj(\"#rev_slider_6_1\").show().revolution({\n\t\t\t\t\t\t\t\tjsFileLocation:\"\/\/intourcoresort.com\/wp-content\/plugins\/revslider\/public\/assets\/js\/\",\n\t\t\t\t\t\t\t\tsliderLayout:\"fullwidth\",\n\t\t\t\t\t\t\t\tvisibilityLevels:\"1240,1024,778,480\",\n\t\t\t\t\t\t\t\tgridwidth:\"1240,1024,778,480\",\n\t\t\t\t\t\t\t\tgridheight:\"868,768,960,720\",\n\t\t\t\t\t\t\t\tspinner:\"spinner2\",\n\t\t\t\t\t\t\t\tresponsiveLevels:\"1240,1024,778,480\",\n\t\t\t\t\t\t\t\tnavigation: {\n\t\t\t\t\t\t\t\t\tmouseScrollNavigation:false,\n\t\t\t\t\t\t\t\t\tonHoverStop:false,\n\t\t\t\t\t\t\t\t\tarrows: {\n\t\t\t\t\t\t\t\t\t\tenable:true,\n\t\t\t\t\t\t\t\t\t\tstyle:\"custom\",\n\t\t\t\t\t\t\t\t\t\thide_onmobile:true,\n\t\t\t\t\t\t\t\t\t\thide_under:768,\n\t\t\t\t\t\t\t\t\t\tleft: {\n\t\t\t\t\t\t\t\t\t\t\tcontainer:\"layergrid\",\n\t\t\t\t\t\t\t\t\t\t\th_align:\"right\",\n\t\t\t\t\t\t\t\t\t\t\th_offset:25,\n\t\t\t\t\t\t\t\t\t\t\tv_offset:-70\n\t\t\t\t\t\t\t\t\t\t},\n\t\t\t\t\t\t\t\t\t\tright: {\n\t\t\t\t\t\t\t\t\t\t\tcontainer:\"layergrid\",\n\t\t\t\t\t\t\t\t\t\t\th_offset:25,\n\t\t\t\t\t\t\t\t\t\t\tv_offset:70\n\t\t\t\t\t\t\t\t\t\t}\n\t\t\t\t\t\t\t\t\t},\n\t\t\t\t\t\t\t\t\tbullets: {\n\t\t\t\t\t\t\t\t\t\tenable:true,\n\t\t\t\t\t\t\t\t\t\ttmp:\"\",\n\t\t\t\t\t\t\t\t\t\tstyle:\"custom\",\n\t\t\t\t\t\t\t\t\t\thide_onmobile:true,\n\t\t\t\t\t\t\t\t\t\thide_under:768,\n\t\t\t\t\t\t\t\t\t\th_align:\"right\",\n\t\t\t\t\t\t\t\t\t\tv_align:\"center\",\n\t\t\t\t\t\t\t\t\t\tv_offset:0,\n\t\t\t\t\t\t\t\t\t\tcontainer:\"layergrid\"\n\t\t\t\t\t\t\t\t\t}\n\t\t\t\t\t\t\t\t},\n\t\t\t\t\t\t\t\tfallbacks: {\n\t\t\t\t\t\t\t\t\tallowHTML5AutoPlayOnAndroid:true\n\t\t\t\t\t\t\t\t},\n\t\t\t\t\t\t\t});\n\t\t\t\t\t\t}\n\t\t\t\t\t\t\n\t\t\t\t\t});\n\t\t\t\t<\/script>\n\t\t\t\t<script>\n\t\t\t\t\tvar htmlDivCss = ' #rev_slider_6_1_wrapper rs-loader.spinner2{ background-color: #FFFFFF !important; } '\n\t\t\t\t\tvar htmlDiv = document.getElementById('rs-plugin-settings-inline-css');\n\t\t\t\t\tif(htmlDiv) {\n\t\t\t\t\t\thtmlDiv.innerHTML = htmlDiv.innerHTML + htmlDivCss;\n\t\t\t\t\t}else{\n\t\t\t\t\t\tvar htmlDiv = document.createElement('div');\n\t\t\t\t\t\thtmlDiv.innerHTML = '<style>' + htmlDivCss + '<\/style>';\n\t\t\t\t\t\tdocument.getElementsByTagName('head')[0].appendChild(htmlDiv.childNodes[0]);\n\t\t\t\t\t}\n\t\t\t\t<\/script>\n\t\t\t\t<script>\n\t\t\t\t\tvar htmlDivCss = unescape(\"%23rev_slider_6_1_wrapper%20.custom.tparrows%20%7B%0A%09cursor%3Apointer%3B%0A%09background%3A%23000%3B%0A%09background%3Argba%280%2C0%2C0%2C0.5%29%3B%0A%09width%3A40px%3B%0A%09height%3A40px%3B%0A%09position%3Aabsolute%3B%0A%09display%3Ablock%3B%0A%09z-index%3A1000%3B%0A%7D%0A%23rev_slider_6_1_wrapper%20.custom.tparrows%3Ahover%20%7B%0A%09background%3A%23000%3B%0A%7D%0A%23rev_slider_6_1_wrapper%20.custom.tparrows%3Abefore%20%7B%0A%09font-family%3A%20%27revicons%27%3B%0A%09font-size%3A15px%3B%0A%09color%3A%23fff%3B%0A%09display%3Ablock%3B%0A%09line-height%3A%2040px%3B%0A%09text-align%3A%20center%3B%0A%7D%0A%23rev_slider_6_1_wrapper%20.custom.tparrows.tp-leftarrow%3Abefore%20%7B%0A%09content%3A%20%27%5Ce824%27%3B%0A%7D%0A%23rev_slider_6_1_wrapper%20.custom.tparrows.tp-rightarrow%3Abefore%20%7B%0A%09content%3A%20%27%5Ce825%27%3B%0A%7D%0A%0A%0A.custom.tp-bullets%20%7B%0A%7D%0A.custom.tp-bullets%3Abefore%20%7B%0A%09content%3A%27%20%27%3B%0A%09position%3Aabsolute%3B%0A%09width%3A100%25%3B%0A%09height%3A100%25%3B%0A%09background%3Atransparent%3B%0A%09padding%3A10px%3B%0A%09margin-left%3A-10px%3Bmargin-top%3A-10px%3B%0A%09box-sizing%3Acontent-box%3B%0A%7D%0A.custom%20.tp-bullet%20%7B%0A%09width%3A12px%3B%0A%09height%3A12px%3B%0A%09position%3Aabsolute%3B%0A%09background%3A%23aaa%3B%0A%20%20%20%20background%3Argba%28125%2C125%2C125%2C0.5%29%3B%0A%09cursor%3A%20pointer%3B%0A%09box-sizing%3Acontent-box%3B%0A%7D%0A.custom%20.tp-bullet%3Ahover%2C%0A.custom%20.tp-bullet.selected%20%7B%0A%09background%3Argb%28125%2C125%2C125%29%3B%0A%7D%0A.custom%20.tp-bullet-image%20%7B%0A%7D%0A.custom%20.tp-bullet-title%20%7B%0A%7D%0A%0A\");\n\t\t\t\t\tvar htmlDiv = document.getElementById('rs-plugin-settings-inline-css');\n\t\t\t\t\tif(htmlDiv) {\n\t\t\t\t\t\thtmlDiv.innerHTML = htmlDiv.innerHTML + htmlDivCss;\n\t\t\t\t\t}else{\n\t\t\t\t\t\tvar htmlDiv = document.createElement('div');\n\t\t\t\t\t\thtmlDiv.innerHTML = '<style>' + htmlDivCss + '<\/style>';\n\t\t\t\t\t\tdocument.getElementsByTagName('head')[0].appendChild(htmlDiv.childNodes[0]);\n\t\t\t\t\t}\n\t\t\t\t<\/script>\n\t\t\t\t<script>\n\t\t\t\t\tvar htmlDivCss = unescape(\"%0A%0A%0A%0A\");\n\t\t\t\t\tvar htmlDiv = document.getElementById('rs-plugin-settings-inline-css');\n\t\t\t\t\tif(htmlDiv) {\n\t\t\t\t\t\thtmlDiv.innerHTML = htmlDiv.innerHTML + htmlDivCss;\n\t\t\t\t\t}else{\n\t\t\t\t\t\tvar htmlDiv = document.createElement('div');\n\t\t\t\t\t\thtmlDiv.innerHTML = '<style>' + htmlDivCss + '<\/style>';\n\t\t\t\t\t\tdocument.getElementsByTagName('head')[0].appendChild(htmlDiv.childNodes[0]);\n\t\t\t\t\t}\n\t\t\t\t<\/script>\n\t\t\t<\/rs-module-wrap>\n\t\t\t<!-- END REVOLUTION SLIDER -->\n<\/p>\n<\/div><\/div><\/div><\/div><div id=\"pg-11135-1\"  class=\"panel-grid panel-has-style\" ><div class=\"siteorigin-panels-stretch panel-row-style panel-row-style-for-11135-1\" data-stretch-type=\"full\" ><div id=\"pgc-11135-1-0\"  class=\"panel-grid-cell\" ><div id=\"panel-11135-1-0-0\" class=\"so-panel widget widget_box panel-first-child panel-last-child\" data-index=\"1\" ><div class=\"thim-widget-box thim-widget-box-base template-base\"><div class=\"box_image style_1\">\n\t\t<div class=\"image\">\n\t\t<div class=\"row\">\n\t\t\t<div class=\"image-left col-md-6 col-sm-6\">\n\t\t\t\t<img src =\"https:\/\/intourcoresort.com\/wp-content\/uploads\/2019\/01\/b\u1edd-bi\u1ec3n.jpg\" width=\"325\" height=\"451\" alt= \"Beach Service\" \/>\t\t\t<\/div>\n\t\t\t<div class=\"image-right col-md-6 col-sm-6\">\n\t\t\t\t<img src =\"https:\/\/intourcoresort.com\/wp-content\/uploads\/2019\/01\/d\u1ecbch-v\u1ee5-b\u1edd-bi\u1ec3n.jpg\" width=\"325\" height=\"451\" alt= \"Beach Service\" \/>\t\t\t<\/div>\n\t\t<\/div>\n\t<\/div>\n\t<div class=\"image_background\">\n\t\t<img src =\"https:\/\/intourcoresort.com\/wp-content\/uploads\/2018\/11\/6051-Converted.png\" width=\"346\" height=\"579\" alt= \"Beach Service\" \/>\t<\/div>\n\t<\/div>\n\n<\/div><\/div><\/div><div id=\"pgc-11135-1-1\"  class=\"panel-grid-cell\" ><div id=\"panel-11135-1-1-0\" class=\"so-panel widget widget_heading panel-first-child panel-last-child\" data-index=\"2\" ><div class=\"thim-widget-heading thim-widget-heading-base template-style_new\"><div class=\"style_new sc-heading article_heading \"><div class=\"content-heading\"><div class=\"small-heading\">BEST CHOICE OF CUSTOMERS<\/div><h3 class=\"heading__primary\">VUNGTAU INTOURCO<\/h3><div class=\"description-heading\"><p>Vungtau Intourco is a Resort with a private beach so visitors can swim as much as they want and play motorized water sports. In addition Vungtau Intourco also leases chairs, fresh water baths. For resort guests, the swimming pool is free of charge, although the beach chair, freshwater bath ticket.<\/p><\/div><\/div><div class=\"background-heading\">Pool<\/div><div class=\"button-heading\"><a target=\"_self\" href=\"\/reservation\/\">\u0110\u1eb7t Ph\u00f2ng<\/a><\/div><\/div><\/div><\/div><\/div><\/div><\/div><div id=\"pg-11135-2\"  class=\"panel-grid panel-has-style\" ><div class=\"panel-row-style panel-row-style-for-11135-2\" ><div id=\"pgc-11135-2-0\"  class=\"panel-grid-cell\" ><div id=\"panel-11135-2-0-0\" class=\"so-panel widget widget_heading panel-first-child panel-last-child\" data-index=\"3\" ><div class=\"thim-widget-heading thim-widget-heading-base template-style_new\"><div class=\"style_new sc-heading article_heading \"><div class=\"content-heading\"><div class=\"small-heading\">Welcome to<\/div><h3 class=\"heading__primary\">Vung Tau Intourco Restaurant<\/h3><div class=\"description-heading\"><p><\/p><\/div><\/div><div class=\"background-heading\">Booking<\/div><\/div><\/div><\/div><\/div><\/div><\/div><div id=\"pg-11135-3\"  class=\"panel-grid panel-has-style\" ><div class=\"siteorigin-panels-stretch article__parallax panel-row-style panel-row-style-for-11135-3\" data-stretch-type=\"full\" ><div id=\"pgc-11135-3-0\"  class=\"panel-grid-cell\" ><div id=\"panel-11135-3-0-0\" class=\"so-panel widget widget_icon-box panel-first-child panel-last-child\" data-index=\"4\" ><div class=\"thim-widget-icon-box thim-widget-icon-box-base template-base\"><div class=\"inner-box \"><div  class=\"wrapper-box-icon has_custom_image text-left   wrapper-line-heading\" ><div class=\"smicon-box iconbox-top\"><div class=\"boxes-icon\" style=\"width: 80px;height: 80px;\"><span class=\"inner-icon\"><span class=\"icon icon-images\"><img src=\"https:\/\/intourcoresort.com\/wp-content\/uploads\/2019\/01\/paradise.png\" alt=\"B\u00e3i bi\u1ec3n ri\u00eang &#8211; Vungtau Intourco Resort\" title=\"B\u00e3i bi\u1ec3n ri\u00eang &#8211; Vungtau Intourco Resort\"  width=\"64\" height=\"64\"><\/span><\/span><\/div><div class=\"content-inner\" ><div class=\"sc-heading article_heading\"><h3 class = \"heading__primary\" >Private Beach<\/h3><span class=\"line-heading\"><span><\/span><\/span><\/div><div class=\"desc-icon-box\"><div >Vungtau Intourco Resort c\u00f3 b\u00e3i t\u1eafm ri\u00eang, s\u1ea1ch s\u1ebd v\u00e0 an to\u00e0n<\/div><\/div><\/div><\/div><!--end smicon-box--><\/div><\/div><\/div><\/div><\/div><div id=\"pgc-11135-3-1\"  class=\"panel-grid-cell\" ><div id=\"panel-11135-3-1-0\" class=\"so-panel widget widget_icon-box panel-first-child panel-last-child\" data-index=\"5\" ><div class=\"thim-widget-icon-box thim-widget-icon-box-base template-base\"><div class=\"inner-box \"><div  class=\"wrapper-box-icon has_custom_image text-left   wrapper-line-heading\" ><div class=\"smicon-box iconbox-top\"><div class=\"boxes-icon\" style=\"width: 80px;height: 80px;\"><span class=\"inner-icon\"><span class=\"icon icon-images\"><img src=\"https:\/\/intourcoresort.com\/wp-content\/uploads\/2019\/01\/deck-chair.png\" alt=\"B\u00e3i bi\u1ec3n ri\u00eang V\u0169ng T\u00e0u Intourco Resort\" title=\"B\u00e3i bi\u1ec3n ri\u00eang V\u0169ng T\u00e0u Intourco Resort\"  width=\"64\" height=\"64\"><\/span><\/span><\/div><div class=\"content-inner\" ><div class=\"sc-heading article_heading\"><h3 class = \"heading__primary\" >Beach Services<\/h3><span class=\"line-heading\"><span><\/span><\/span><\/div><div class=\"desc-icon-box\"><div >D\u1ecbch v\u1ee5 cho thu\u00ea d\u00f9 gh\u1ebf b\u00e3i bi\u1ec3n<\/div><\/div><\/div><\/div><!--end smicon-box--><\/div><\/div><\/div><\/div><\/div><div id=\"pgc-11135-3-2\"  class=\"panel-grid-cell\" ><div id=\"panel-11135-3-2-0\" class=\"so-panel widget widget_icon-box panel-first-child panel-last-child\" data-index=\"6\" ><div class=\"thim-widget-icon-box thim-widget-icon-box-base template-base\"><div class=\"inner-box \"><div  class=\"wrapper-box-icon has_custom_image text-left   wrapper-line-heading\" ><div class=\"smicon-box iconbox-top\"><div class=\"boxes-icon\" style=\"width: 80px;height: 80px;\"><span class=\"inner-icon\"><span class=\"icon icon-images\"><img src=\"https:\/\/intourcoresort.com\/wp-content\/uploads\/2019\/01\/shower.png\" alt=\"T\u1eafm n\u01b0\u1edbc ng\u1ecdt &#8211; V\u0169ng T\u00e0u Intourco Resort\" title=\"T\u1eafm n\u01b0\u1edbc ng\u1ecdt &#8211; V\u0169ng T\u00e0u Intourco Resort\"  width=\"64\" height=\"64\"><\/span><\/span><\/div><div class=\"content-inner\" ><div class=\"sc-heading article_heading\"><h3 class = \"heading__primary\" >Water bath<\/h3><span class=\"line-heading\"><span><\/span><\/span><\/div><div class=\"desc-icon-box\"><div >Cung c\u1ea5p ph\u00f2ng t\u1eafm n\u01b0\u1edbc ng\u1ecdt<\/div><\/div><\/div><\/div><!--end smicon-box--><\/div><\/div><\/div><\/div><\/div><div id=\"pgc-11135-3-3\"  class=\"panel-grid-cell\" ><div id=\"panel-11135-3-3-0\" class=\"so-panel widget widget_icon-box panel-first-child panel-last-child\" data-index=\"7\" ><div class=\"thim-widget-icon-box thim-widget-icon-box-base template-base\"><div class=\"inner-box \"><div  class=\"wrapper-box-icon has_custom_image text-left   wrapper-line-heading\" ><div class=\"smicon-box iconbox-top\"><div class=\"boxes-icon\" style=\"width: 80px;height: 80px;\"><span class=\"inner-icon\"><span class=\"icon icon-images\"><img src=\"https:\/\/intourcoresort.com\/wp-content\/uploads\/2019\/01\/swimming-pool.png\" alt=\"H\u1ed3 b\u01a1i M\u1eb7n Ng\u1ecdt &#8211; V\u0169ng T\u00e0u Intourco Resort\" title=\"H\u1ed3 b\u01a1i M\u1eb7n Ng\u1ecdt &#8211; V\u0169ng T\u00e0u Intourco Resort\"  width=\"64\" height=\"64\"><\/span><\/span><\/div><div class=\"content-inner\" ><div class=\"sc-heading article_heading\"><h3 class = \"heading__primary\" >Pool<\/h3><span class=\"line-heading\"><span><\/span><\/span><\/div><div class=\"desc-icon-box\"><div >H\u1ed3 b\u01a1i n\u01b0\u1edbc m\u1eb7n - ng\u1ecdt ph\u1ee5c v\u1ee5 \u0111\u1ea7y \u0111\u1ee7 nhu c\u1ea7u c\u1ee7a du kh\u00e1ch<\/div><\/div><\/div><\/div><!--end smicon-box--><\/div><\/div><\/div><\/div><\/div><\/div><\/div><div id=\"pg-11135-4\"  class=\"panel-grid panel-has-style\" ><div class=\"panel-row-style panel-row-style-for-11135-4\" ><div id=\"pgc-11135-4-0\"  class=\"panel-grid-cell\" ><div id=\"panel-11135-4-0-0\" class=\"so-panel widget widget_gallery-images panel-first-child panel-last-child\" data-index=\"8\" ><div class=\"thim-widget-gallery-images thim-widget-gallery-images-base template-base\"><div class=\"thim-gallery-images owl-carousel gallery-img \"><div class=\"item\"><img src =\"https:\/\/intourcoresort.com\/wp-content\/uploads\/2019\/01\/1R2A9787.jpg\" width=\"800\" height=\"600\" alt= \"Beach Service\" \/><\/div><div class=\"item\"><img src =\"https:\/\/intourcoresort.com\/wp-content\/uploads\/2019\/01\/1R2A9791.jpg\" width=\"800\" height=\"600\" alt= \"Beach Service\" \/><\/div><div class=\"item\"><img src =\"https:\/\/intourcoresort.com\/wp-content\/uploads\/2019\/01\/1R2A9812-1.jpg\" width=\"800\" height=\"600\" alt= \"Beach Service\" \/><\/div><div class=\"item\"><img src =\"https:\/\/intourcoresort.com\/wp-content\/uploads\/2019\/01\/1R2A9842.jpg\" width=\"800\" height=\"600\" alt= \"Beach Service\" \/><\/div><div class=\"item\"><img src =\"https:\/\/intourcoresort.com\/wp-content\/uploads\/2019\/01\/1R2A9867.jpg\" width=\"800\" height=\"600\" alt= \"Beach Service\" \/><\/div><\/div><\/div><\/div><\/div><\/div><\/div><\/div>","protected":false},"excerpt":{"rendered":"<p>\nBEACH <br \/>\nCLEAN &#038; PRIVATE  <br \/>\n\t\t\t\t\t\t\tBook Early <br \/>\n\t\t\t\t\t\t\tBOOK NOW <br \/>\n\t\t\t\t\t\t\tVungtau Intourco Resort <\/p>\n<p>BEACH <br \/>\nCLEAN &#038; PRIVATE <br \/>\n\t\t\t\t\t\t\tBook Early <br \/>\n\t\t\t\t\t\t\tBOOK NOW <br \/>\n\t\t\t\t\t\t\tVungtau Intourco Resort <\/p>\n<p>\t\t\t\t\tsetREVStartSize({c: &#8216;rev_slider_6_2&#8242;,rl:[1240,1024,778,480],el:[],gw:[1240,1024,778,480],gh:[868,768,960,720],type:&#8217;standard&#8217;,justify:&#8221;,layout:&#8217;fullwidth&#8217;,mh:&#8221;0&#8243;});<br \/>\n\t\t\t\t\tvar\trevapi6,<br \/>\n\t\t\t\t\t\ttpj;<br \/>\n\t\t\t\t\tjQuery(function() {<br \/>\n\t\t\t\t\t\ttpj <\/p>\n","protected":false},"author":2,"featured_media":0,"parent":0,"menu_order":0,"comment_status":"closed","ping_status":"closed","template":"page-templates\/homepagenew.php","meta":[],"_links":{"self":[{"href":"https:\/\/intourcoresort.com\/en\/wp-json\/wp\/v2\/pages\/11135"}],"collection":[{"href":"https:\/\/intourcoresort.com\/en\/wp-json\/wp\/v2\/pages"}],"about":[{"href":"https:\/\/intourcoresort.com\/en\/wp-json\/wp\/v2\/types\/page"}],"author":[{"embeddable":true,"href":"https:\/\/intourcoresort.com\/en\/wp-json\/wp\/v2\/users\/2"}],"replies":[{"embeddable":true,"href":"https:\/\/intourcoresort.com\/en\/wp-json\/wp\/v2\/comments?post=11135"}],"version-history":[{"count":6,"href":"https:\/\/intourcoresort.com\/en\/wp-json\/wp\/v2\/pages\/11135\/revisions"}],"predecessor-version":[{"id":11342,"href":"https:\/\/intourcoresort.com\/en\/wp-json\/wp\/v2\/pages\/11135\/revisions\/11342"}],"wp:attachment":[{"href":"https:\/\/intourcoresort.com\/en\/wp-json\/wp\/v2\/media?parent=11135"}],"curies":[{"name":"wp","href":"https:\/\/api.w.org\/{rel}","templated":true}]}}